{"id":30487,"date":"2023-10-27T18:49:13","date_gmt":"2023-10-27T16:49:13","guid":{"rendered":"https:\/\/hoffa.ch\/?page_id=30487"},"modified":"2026-01-02T14:18:38","modified_gmt":"2026-01-02T13:18:38","slug":"h-tracker","status":"publish","type":"page","link":"http:\/\/hoffa.ch\/?page_id=30487","title":{"rendered":"H-TRACKER"},"content":{"rendered":"\n\n\t<section class=\"section\" id=\"section_2044218836\">\n\t\t<div class=\"section-bg fill\" >\n\t\t\t\t\t\t\t\t\t\n\t\t\t\n\n\t\t<\/div>\n\n\t\t\n\n\t\t<div class=\"section-content relative\">\n\t\t\t\n\n<div class=\"row\"  id=\"row-900672432\">\n\n\n\t<div id=\"col-131455263\" class=\"col small-12 large-12\"  >\n\t\t\t\t<div class=\"col-inner\"  >\n\t\t\t\n\t\t\t\n\n\t<div id=\"gap-2052006398\" class=\"gap-element clearfix\" style=\"display:block; height:auto;\">\n\t\t\n<style>\n#gap-2052006398 {\n  padding-top: 30px;\n}\n<\/style>\n\t<\/div>\n\t\n\n\n  <div class=\"banner has-hover\" id=\"banner-1980040195\">\n          <div class=\"banner-inner fill\">\n        <div class=\"banner-bg fill\" >\n            <img loading=\"lazy\" decoding=\"async\" width=\"640\" height=\"430\" src=\"http:\/\/hoffa.ch\/wp-content\/uploads\/2024\/05\/h-tracker.png\" class=\"bg attachment-large size-large\" alt=\"\" \/>                        <div class=\"overlay\"><\/div>            \n                    <\/div>\n\t\t\n        <div class=\"banner-layers container\">\n            <div class=\"fill banner-link\"><\/div>            \n\n   <div id=\"text-box-983657411\" class=\"text-box banner-layer x50 md-x50 lg-x50 y50 md-y50 lg-y50 res-text\">\n                                <div class=\"text-box-content text dark\">\n              \n              <div class=\"text-inner text-center\">\n                  \n\n\t<div id=\"gap-459891477\" class=\"gap-element clearfix\" style=\"display:block; height:auto;\">\n\t\t\n<style>\n#gap-459891477 {\n  padding-top: 20px;\n}\n<\/style>\n\t<\/div>\n\t\n\n\n              <\/div>\n           <\/div>\n                            \n<style>\n#text-box-983657411 {\n  width: 84%;\n}\n#text-box-983657411 .text-box-content {\n  font-size: 100%;\n}\n@media (min-width:550px) {\n  #text-box-983657411 {\n    width: 60%;\n  }\n}\n<\/style>\n    <\/div>\n \n\n        <\/div>\n      <\/div>\n\n            \n<style>\n#banner-1980040195 {\n  padding-top: 300px;\n  background-color: rgb(255, 255, 255);\n}\n#banner-1980040195 .overlay {\n  background-color: rgba(0, 0, 0, 0.13);\n}\n#banner-1980040195 .banner-bg img {\n  object-position: 4% 62%;\n}\n@media (min-width:550px) {\n  #banner-1980040195 {\n    padding-top: 99.99%;\n  }\n}\n<\/style>\n  <\/div>\n\n\n\n\t\t<\/div>\n\t\t\t\t\t<\/div>\n\n\t\n\n<\/div>\n\n\t\t<\/div>\n\n\t\t\n<style>\n#section_2044218836 {\n  padding-top: 0px;\n  padding-bottom: 0px;\n}\n@media (min-width:550px) {\n  #section_2044218836 {\n    padding-top: 30px;\n    padding-bottom: 30px;\n  }\n}\n<\/style>\n\t<\/section>\n\t\n<div class=\"row align-center\"  id=\"row-94778707\">\n\n\n\t<div id=\"col-1992959657\" class=\"col medium-11 small-12 large-11\"  >\n\t\t\t\t<div class=\"col-inner\"  >\n\t\t\t\n\t\t\t\n\n\n\t\t<div class=\"icon-box featured-box icon-box-center text-center\"  >\n\t\t\t\t<div class=\"icon-box-text last-reset\">\n\t\t\t\t\t\t\t\t\t\n\n<h3 class=\"lead\" style=\"text-align: center;\"><strong>Le H-Tracker : Votre Compagnon de S\u00e9curit\u00e9 Personnelle, Adapt\u00e9 \u00e0 Toutes les Aventures**<\/strong><\/h3>\n<h3 class=\"lead\" style=\"text-align: center;\"><strong><br \/>H-tracker, un dispositif de s\u00e9curit\u00e9 con\u00e7u pour offrir une tranquillit\u00e9 d&rsquo;esprit ultime \u00e0 un large \u00e9ventail d&rsquo;utilisateurs, que ce soit lors d&rsquo;aventures en plein air ou de manifestations sportives extr\u00eames. Compact, intelligent et facile \u00e0 utiliser, le H-Tracker offre deux options distinctes pour r\u00e9pondre \u00e0 tous les besoins en mati\u00e8re de s\u00e9curit\u00e9.<\/strong><\/h3>\n<h3 class=\"lead\" style=\"text-align: center;\"><strong><br \/>Deux Options, Une S\u00e9curit\u00e9 Maximale.<\/strong><\/h3>\n<h3 class=\"lead\" style=\"text-align: center;\"><strong><br \/>**Pour les Aventuriers, Randonneurs, Sportifs, personne \u00e2g\u00e9e ou travailleur isol\u00e9.**<br \/>Que vous soyez un aventurier aguerri, un randonneur passionn\u00e9 ou un sportif amateur, le H- Tracker est votre compagnon de confiance pour toutes vos aventures en plein air. Gr\u00e2ce \u00e0 son bouton SOS, il vous permet d&rsquo;alerter rapidement vos proches ou les secours en cas d&rsquo;urgence, assurant ainsi votre s\u00e9curit\u00e9 o\u00f9 que vous soyez.<\/strong><\/h3>\n<h3 class=\"lead\" style=\"text-align: center;\"><strong><br \/>**Pour les Manifestations Sportives Extr\u00eames**<\/strong><\/h3>\n<h3 class=\"lead\" style=\"text-align: center;\"><strong><br \/>Pour les \u00e9v\u00e9nements sportifs extr\u00eames tels que les ultra trails, les comp\u00e9titions de ski ou les courses de VTT, le H-Tracker offre une option suppl\u00e9mentaire con\u00e7ue sp\u00e9cifiquement pour r\u00e9pondre aux besoins des participants et des organisateurs. Gr\u00e2ce \u00e0 son mode \u00ab\u00a0Manifestation\u00a0\u00bb, il permet aux organisateurs de suivre en temps r\u00e9el la position des participants et de coordonner les op\u00e9rations de secours en cas de besoin, assurant ainsi la s\u00e9curit\u00e9 de tous les participants.<\/strong><\/h3>\n<h3 class=\"lead\" style=\"text-align: center;\"><strong><br \/>Que vous soyez un aventurier solitaire ou un participant \u00e0 une manifestation sportive, ne laissez rien au hasard lors de vos aventures &#8211; \u00e9quipez-vous du H-Tracker et soyez pr\u00eat \u00e0 faire face \u00e0 toute situation d&rsquo;urgence<\/strong><\/h3>\n\t<div id=\"gap-1869549493\" class=\"gap-element clearfix\" style=\"display:block; height:auto;\">\n\t\t\n<style>\n#gap-1869549493 {\n  padding-top: 30px;\n}\n<\/style>\n\t<\/div>\n\t\n\n\n\t\t<\/div>\n\t<\/div>\n\t\n\t\n\n\t\t<\/div>\n\t\t\t\t\t<\/div>\n\n\t\n\n<\/div>\n<div class=\"container section-title-container\" ><h2 class=\"section-title section-title-center\"><b aria-hidden=\"true\"><\/b><span class=\"section-title-main\" >h-tracker mode d'emploi<\/span><b aria-hidden=\"true\"><\/b><\/h2><\/div>\n\n<div class=\"video video-fit mb box-shadow-5 box-shadow-5-hover\" style=\"padding-top:56.25%;\"><iframe loading=\"lazy\" title=\"mode d&#039;emploi htracker\" width=\"1020\" height=\"574\" src=\"https:\/\/www.youtube.com\/embed\/9adtrVu2MVA?feature=oembed\" frameborder=\"0\" allow=\"accelerometer; autoplay; clipboard-write; encrypted-media; gyroscope; picture-in-picture; web-share\" referrerpolicy=\"strict-origin-when-cross-origin\" allowfullscreen><\/iframe><\/div>\n\n<div class=\"video video-fit mb box-shadow-5 box-shadow-5-hover\" style=\"padding-top:56.25%;\"><p><iframe loading=\"lazy\" title=\"h.tracker pers.ag\u00e9e\" width=\"1020\" height=\"574\" src=\"https:\/\/www.youtube.com\/embed\/dvLs1UDyXD4?feature=oembed\" frameborder=\"0\" allow=\"accelerometer; autoplay; clipboard-write; encrypted-media; gyroscope; picture-in-picture; web-share\" allowfullscreen><\/iframe><\/p>\n<\/div>\n\n<div class=\"video video-fit mb\" style=\"padding-top:56.25%;\"><p><iframe loading=\"lazy\" title=\"H-tracker montagne\" width=\"1020\" height=\"574\" src=\"https:\/\/www.youtube.com\/embed\/NlNrYeQwf58?feature=oembed\" frameborder=\"0\" allow=\"accelerometer; autoplay; clipboard-write; encrypted-media; gyroscope; picture-in-picture; web-share\" allowfullscreen><\/iframe><\/p>\n<\/div>\n\n<div class=\"video video-fit mb\" style=\"padding-top:56.25%;\"><p><iframe loading=\"lazy\" title=\"h-tracker femme\" width=\"1020\" height=\"574\" src=\"https:\/\/www.youtube.com\/embed\/Gkvw_nfRS5I?feature=oembed\" frameborder=\"0\" allow=\"accelerometer; autoplay; clipboard-write; encrypted-media; gyroscope; picture-in-picture; web-share\" allowfullscreen><\/iframe><\/p>\n<\/div>\n\n<div class=\"video video-fit mb\" style=\"padding-top:56.25%;\"><p><iframe loading=\"lazy\" title=\"H.tracker travail seul\" width=\"1020\" height=\"574\" src=\"https:\/\/www.youtube.com\/embed\/i90lYk0Shp4?feature=oembed\" frameborder=\"0\" allow=\"accelerometer; autoplay; clipboard-write; encrypted-media; gyroscope; picture-in-picture; web-share\" allowfullscreen><\/iframe><\/p>\n<\/div>\n\n\n\t<section class=\"section dark\" id=\"section_724455176\">\n\t\t<div class=\"section-bg fill\" >\n\t\t\t\t\t\t\t\t\t\n\t\t\t\n\n\t\t<\/div>\n\n\t\t\n\n\t\t<div class=\"section-content relative\">\n\t\t\t\n\n<div class=\"row align-center\"  id=\"row-858056320\">\n\n\n\t<div id=\"col-130765894\" class=\"col medium-10 small-10 large-8\"  >\n\t\t\t\t<div class=\"col-inner text-center\"  >\n\t\t\t\n\t\t\t\n\n<div class=\"is-divider divider clearfix\" style=\"max-width:100%;height:5px;background-color:rgb(255, 255, 255);\"><\/div>\n\n<h4 class=\"uppercase\"><span style=\"font-size: 250%;\">129.- frs<\/span><\/h4>\n<div class=\"is-divider divider clearfix\" style=\"max-width:100%;height:5px;background-color:rgb(255, 255, 255);\"><\/div>\n\n<a href=\"https:\/\/hoffa.ch\/?product=h-tracker\" class=\"button primary is-bevel is-larger\" >\n\t<i class=\"icon-shopping-cart\" aria-hidden=\"true\"><\/i>\t<span>acheter h-tracker 129.-frs<\/span>\n\t<\/a>\n\n\n\n\t\t<\/div>\n\t\t\t\t\n<style>\n#col-130765894 > .col-inner {\n  margin: 30px 0px 0px 0px;\n}\n<\/style>\n\t<\/div>\n\n\t\n\n<\/div>\n\n\t\t<\/div>\n\n\t\t\n<style>\n#section_724455176 {\n  padding-top: 60px;\n  padding-bottom: 60px;\n  background-color: rgb(0,0,0);\n}\n<\/style>\n\t<\/section>\n\t\n\n","protected":false},"excerpt":{"rendered":"","protected":false},"author":1,"featured_media":0,"parent":0,"menu_order":0,"comment_status":"closed","ping_status":"closed","template":"page-blank.php","meta":{"_et_pb_use_builder":"","_et_pb_old_content":"","_et_gb_content_width":"","footnotes":""},"class_list":["post-30487","page","type-page","status-publish","hentry"],"_links":{"self":[{"href":"http:\/\/hoffa.ch\/index.php?rest_route=\/wp\/v2\/pages\/30487","targetHints":{"allow":["GET"]}}],"collection":[{"href":"http:\/\/hoffa.ch\/index.php?rest_route=\/wp\/v2\/pages"}],"about":[{"href":"http:\/\/hoffa.ch\/index.php?rest_route=\/wp\/v2\/types\/page"}],"author":[{"embeddable":true,"href":"http:\/\/hoffa.ch\/index.php?rest_route=\/wp\/v2\/users\/1"}],"replies":[{"embeddable":true,"href":"http:\/\/hoffa.ch\/index.php?rest_route=%2Fwp%2Fv2%2Fcomments&post=30487"}],"version-history":[{"count":59,"href":"http:\/\/hoffa.ch\/index.php?rest_route=\/wp\/v2\/pages\/30487\/revisions"}],"predecessor-version":[{"id":30661,"href":"http:\/\/hoffa.ch\/index.php?rest_route=\/wp\/v2\/pages\/30487\/revisions\/30661"}],"wp:attachment":[{"href":"http:\/\/hoffa.ch\/index.php?rest_route=%2Fwp%2Fv2%2Fmedia&parent=30487"}],"curies":[{"name":"wp","href":"https:\/\/api.w.org\/{rel}","templated":true}]}}