{"id":28933,"date":"2013-08-09T22:37:13","date_gmt":"2013-08-09T20:37:13","guid":{"rendered":"http:\/\/localhost:8888\/test\/?page_id=288"},"modified":"2026-01-02T14:27:57","modified_gmt":"2026-01-02T13:27:57","slug":"h4pro","status":"publish","type":"page","link":"https:\/\/hoffa.ch\/?page_id=28933","title":{"rendered":"H4PRO"},"content":{"rendered":"\n\n  <div class=\"banner has-hover is-full-height\" id=\"banner-444442640\">\n          <div class=\"banner-inner fill\">\n        <div class=\"banner-bg fill\" >\n            <img loading=\"lazy\" decoding=\"async\" width=\"607\" height=\"457\" src=\"https:\/\/hoffa.ch\/wp-content\/uploads\/2020\/03\/h4proV2-1.jpg\" class=\"bg attachment-large size-large\" alt=\"\" \/>                                    \n                    <\/div>\n\t\t\n        <div class=\"banner-layers container\">\n            <div class=\"fill banner-link\"><\/div>            \n\n   <div id=\"text-box-832996910\" class=\"text-box banner-layer x50 md-x50 lg-x50 y50 md-y50 lg-y50 res-text\">\n                                <div class=\"text-box-content text dark\">\n              \n              <div class=\"text-inner text-center\">\n                  \n\n<h2 class=\"uppercase\"><strong>H4PRO VIDEO<\/strong><\/h2>\n\t<div id=\"gap-1287658636\" class=\"gap-element clearfix\" style=\"display:block; height:auto;\">\n\t\t\n<style>\n#gap-1287658636 {\n  padding-top: 7px;\n}\n<\/style>\n\t<\/div>\n\t\n\n<div class=\"video-button-wrapper\"><a href=\"https:\/\/www.youtube.com\/watch?v=DY_j4UfWn5g\" class=\"button open-video icon circle is-outline is-xlarge\" role=\"button\" aria-label=\"Open video in lightbox\" data-flatsome-role-button><i class=\"icon-play\" aria-hidden=\"true\" style=\"font-size:1.5em;\"><\/i><\/a><\/div>\n\n\n              <\/div>\n           <\/div>\n                            \n<style>\n#text-box-832996910 {\n  width: 84%;\n}\n#text-box-832996910 .text-box-content {\n  font-size: 100%;\n}\n@media (min-width:550px) {\n  #text-box-832996910 {\n    width: 40%;\n  }\n}\n<\/style>\n    <\/div>\n \n\n        <\/div>\n      <\/div>\n\n            \n<style>\n#banner-444442640 {\n  padding-top: 100%;\n}\n#banner-444442640 .banner-bg img {\n  object-position: 100% 70%;\n}\n<\/style>\n  <\/div>\n\n\n\t<div id=\"text-3765204544\" class=\"text\">\n\t\t\n\n<h3>\u00a0<\/h3>\n<h2 class=\"lead\" style=\"text-align: center;\"><strong>Nouveau Sac \u00e0 Dos Airbag H4pro :<\/strong><\/h2>\n<div>\u00a0<\/div>\n<h4>La R\u00e9volution de la S\u00e9curit\u00e9 en Plein Air<\/h4>\n<h4>\u00a0<\/h4>\n<h4>Aujourd&rsquo;hui, Hoffa est fier d&rsquo;annoncer le lancement de son tout dernier produit r\u00e9volutionnaire :<\/h4>\n<h4>le Sac \u00e0 Dos Airbag H4pro. Con\u00e7u pour offrir une protection ultime aux aventuriers les plus intr\u00e9pides,<\/h4>\n<h4>ce sac \u00e0 dos allie fonctionnalit\u00e9, durabilit\u00e9 et s\u00e9curit\u00e9 de pointe pour toutes les activit\u00e9s en ext\u00e9rieur.<\/h4>\n<h4>\u00a0<\/h4>\n<h4>Confort et Stabilit\u00e9<\/h4>\n<h4>\u00a0<\/h4>\n<h4>Fabriqu\u00e9 \u00e0 partir de PVC de haute qualit\u00e9 et dot\u00e9 d&rsquo;une technologie airbag originale, le sac \u00e0 dos H4pro<\/h4>\n<h4>offre une protection in\u00e9gal\u00e9e pour le dos en cas de chute. Con\u00e7u pour absorber les chocs et r\u00e9duire les risques<\/h4>\n<h4>de blessures graves, il garantit une tranquillit\u00e9 \u00e0 tous les utilisateurs, quel que soit leur niveau d&rsquo;exp\u00e9rience.<\/h4>\n<h4>Le sac \u00e0 dos H4pro est \u00e9galement 100% \u00e9tanche et dispose d&rsquo;une capacit\u00e9 de 22 litres,<\/h4>\n<h4>offrant amplement d&rsquo;espace pour vos \u00e9quipements essentiels.<\/h4>\n<h4>\u00a0<\/h4>\n<h4>Visibilit\u00e9 Maximale<\/h4>\n<h4>\u00a0<\/h4>\n<h4>Pour une s\u00e9curit\u00e9 accrue, le H4pro est \u00e9quip\u00e9 d\u2019un caoutchouc anti-glisse strat\u00e9giquement plac\u00e9 \u00e0 l&rsquo;arri\u00e8re<\/h4>\n<h4>du sac \u00e0 dos. De plus, il est muni de lumi\u00e8res \u00e0 la fois \u00e0 l&rsquo;ext\u00e9rieur et \u00e0 l&rsquo;int\u00e9rieur du sac.<\/h4>\n<h4>Que ce soit en plein jour ou dans l&rsquo;obscurit\u00e9 de la nuit, les utilisateurs restent parfaitement visibles,<\/h4>\n<h4>assurant ainsi une protection suppl\u00e9mentaire contre les accidents potentiellement \u00e9vitables.<\/h4>\n<h4>\u00a0<\/h4>\n<h4>Polyvalence et Durabilit\u00e9<\/h4>\n<h4>\u00a0<\/h4>\n<h4>Que ce soit pour la moto, la randonn\u00e9e, le ski, le VTT ou toute autre activit\u00e9 en ext\u00e9rieur, le sac \u00e0 dos airbag H4pro<\/h4>\n<h4>est le compagnon id\u00e9al pour toutes vos aventures. Avec sa construction robuste et ses mat\u00e9riaux<\/h4>\n<h4>de haute qualit\u00e9, il est con\u00e7u pour r\u00e9sister aux conditions les plus extr\u00eames,<\/h4>\n<h4>vous permettant ainsi de repousser vos limites en toute confiance.<\/h4>\n<h3 class=\"lead\" style=\"text-align: center;\">\u00a0<\/h3>\n<h3 style=\"text-align: center;\">\u00a0<\/h3>\n\t\t\n<style>\n#text-3765204544 {\n  font-size: 0.95rem;\n  line-height: 1.9;\n  text-align: center;\n  color: rgb(0,0,0);\n}\n#text-3765204544 > * {\n  color: rgb(0,0,0);\n}\n<\/style>\n\t<\/div>\n\t\n\n\t<section class=\"section\" id=\"section_1003807909\">\n\t\t<div class=\"section-bg fill\" >\n\t\t\t\t\t\t\t\t\t\n\t\t\t\n\n\t\t<\/div>\n\n\t\t\n\n\t\t<div class=\"section-content relative\">\n\t\t\t\n\n\t<div id=\"gap-1908189074\" class=\"gap-element clearfix\" style=\"display:block; height:auto;\">\n\t\t\n<style>\n#gap-1908189074 {\n  padding-top: 30px;\n}\n<\/style>\n\t<\/div>\n\t\n\n<div class=\"row align-middle align-center\"  id=\"row-1369870260\">\n\n\n\t<div id=\"col-913355930\" class=\"col medium-6 small-12 large-6\"  >\n\t\t\t\t<div class=\"col-inner text-center\"  >\n\t\t\t\n\t\t\t\n\n\n  <div class=\"banner has-hover\" id=\"banner-2075726583\">\n          <div class=\"banner-inner fill\">\n        <div class=\"banner-bg fill\" >\n            <img loading=\"lazy\" decoding=\"async\" width=\"480\" height=\"640\" src=\"https:\/\/hoffa.ch\/wp-content\/uploads\/2020\/08\/etienne1-rotated.jpg\" class=\"bg attachment-large size-large\" alt=\"\" \/>                                    \n                    <\/div>\n\t\t\n        <div class=\"banner-layers container\">\n            <div class=\"fill banner-link\"><\/div>            \n\n\n        <\/div>\n      <\/div>\n\n              <div class=\"height-fix is-invisible\"><img loading=\"lazy\" decoding=\"async\" width=\"480\" height=\"640\" src=\"https:\/\/hoffa.ch\/wp-content\/uploads\/2020\/08\/etienne1-rotated.jpg\" class=\"attachment-large size-large\" alt=\"\" \/><\/div>\n            \n<style>\n#banner-2075726583 {\n  padding-top: 250px;\n}\n<\/style>\n  <\/div>\n\n\n\t<div id=\"gap-180494891\" class=\"gap-element clearfix\" style=\"display:block; height:auto;\">\n\t\t\n<style>\n#gap-180494891 {\n  padding-top: 30px;\n}\n<\/style>\n\t<\/div>\n\t\n\n\n\t\t<\/div>\n\t\t\t\t\t<\/div>\n\n\t\n\n\t<div id=\"col-1973607472\" class=\"col medium-6 small-12 large-6\"  >\n\t\t\t\t<div class=\"col-inner text-center\"  >\n\t\t\t\n\t\t\t\n\n\n  <div class=\"banner has-hover\" id=\"banner-317711004\">\n          <div class=\"banner-inner fill\">\n        <div class=\"banner-bg fill\" >\n            <img loading=\"lazy\" decoding=\"async\" width=\"600\" height=\"800\" src=\"https:\/\/hoffa.ch\/wp-content\/uploads\/2020\/02\/sac-h4pro-arriere-detoure-scaled.jpg\" class=\"bg attachment-large size-large\" alt=\"\" \/>                                    \n                    <\/div>\n\t\t\n        <div class=\"banner-layers container\">\n            <div class=\"fill banner-link\"><\/div>            \n\n\n        <\/div>\n      <\/div>\n\n              <div class=\"height-fix is-invisible\"><img loading=\"lazy\" decoding=\"async\" width=\"600\" height=\"800\" src=\"https:\/\/hoffa.ch\/wp-content\/uploads\/2020\/02\/sac-h4pro-arriere-detoure-scaled.jpg\" class=\"attachment-large size-large\" alt=\"\" \/><\/div>\n            \n<style>\n#banner-317711004 {\n  padding-top: 250px;\n}\n#banner-317711004 .banner-bg img {\n  object-position: 52% 45%;\n}\n<\/style>\n  <\/div>\n\n\n\t<div id=\"gap-2041459488\" class=\"gap-element clearfix\" style=\"display:block; height:auto;\">\n\t\t\n<style>\n#gap-2041459488 {\n  padding-top: 30px;\n}\n<\/style>\n\t<\/div>\n\t\n\n\n\t\t<\/div>\n\t\t\t\t\t<\/div>\n\n\t\n\n\n<style>\n#row-1369870260 > .col > .col-inner {\n  border-radius: 1px;\n}\n<\/style>\n<\/div>\n\n\t\t<\/div>\n\n\t\t\n<style>\n#section_1003807909 {\n  padding-top: 40px;\n  padding-bottom: 40px;\n}\n<\/style>\n\t<\/section>\n\t\n\n\t<section class=\"section\" id=\"section_609229952\">\n\t\t<div class=\"section-bg fill\" >\n\t\t\t\t\t\t\t\t\t\n\t\t\t\n\n\t\t<\/div>\n\n\t\t\n\n\t\t<div class=\"section-content relative\">\n\t\t\t\n\n\t<div id=\"gap-839721096\" class=\"gap-element clearfix\" style=\"display:block; height:auto;\">\n\t\t\n<style>\n#gap-839721096 {\n  padding-top: 30px;\n}\n<\/style>\n\t<\/div>\n\t\n\n\n\t\t<\/div>\n\n\t\t\n<style>\n#section_609229952 {\n  padding-top: 0px;\n  padding-bottom: 0px;\n}\n@media (min-width:550px) {\n  #section_609229952 {\n    padding-top: 30px;\n    padding-bottom: 30px;\n  }\n}\n<\/style>\n\t<\/section>\n\t\n<a href=\"https:\/\/hoffa.ch\/?product=h4pro\" target=\"_blank\" class=\"button primary is-outline is-large box-shadow-5 box-shadow-3-hover lowercase expand\" rel=\"noopener\" style=\"border-radius:99px;\">\n\t<i class=\"icon-shopping-bag\" aria-hidden=\"true\"><\/i>\t<span>OFFRE PROMOTIONNELLE H4PRO  199,-FRS<\/span>\n\t<\/a>\n\n\n\n","protected":false},"excerpt":{"rendered":"","protected":false},"author":1,"featured_media":28846,"parent":0,"menu_order":0,"comment_status":"closed","ping_status":"closed","template":"page-blank.php","meta":{"_et_pb_use_builder":"","_et_pb_old_content":"","_et_gb_content_width":"","footnotes":""},"class_list":["post-28933","page","type-page","status-publish","has-post-thumbnail","hentry"],"_links":{"self":[{"href":"https:\/\/hoffa.ch\/index.php?rest_route=\/wp\/v2\/pages\/28933","targetHints":{"allow":["GET"]}}],"collection":[{"href":"https:\/\/hoffa.ch\/index.php?rest_route=\/wp\/v2\/pages"}],"about":[{"href":"https:\/\/hoffa.ch\/index.php?rest_route=\/wp\/v2\/types\/page"}],"author":[{"embeddable":true,"href":"https:\/\/hoffa.ch\/index.php?rest_route=\/wp\/v2\/users\/1"}],"replies":[{"embeddable":true,"href":"https:\/\/hoffa.ch\/index.php?rest_route=%2Fwp%2Fv2%2Fcomments&post=28933"}],"version-history":[{"count":84,"href":"https:\/\/hoffa.ch\/index.php?rest_route=\/wp\/v2\/pages\/28933\/revisions"}],"predecessor-version":[{"id":30612,"href":"https:\/\/hoffa.ch\/index.php?rest_route=\/wp\/v2\/pages\/28933\/revisions\/30612"}],"wp:featuredmedia":[{"embeddable":true,"href":"https:\/\/hoffa.ch\/index.php?rest_route=\/wp\/v2\/media\/28846"}],"wp:attachment":[{"href":"https:\/\/hoffa.ch\/index.php?rest_route=%2Fwp%2Fv2%2Fmedia&parent=28933"}],"curies":[{"name":"wp","href":"https:\/\/api.w.org\/{rel}","templated":true}]}}