{"id":30169,"date":"2021-01-15T10:59:46","date_gmt":"2021-01-15T09:59:46","guid":{"rendered":"https:\/\/www.hoffa.ch\/?page_id=30169"},"modified":"2026-01-02T14:29:30","modified_gmt":"2026-01-02T13:29:30","slug":"magasin","status":"publish","type":"page","link":"https:\/\/hoffa.ch\/?page_id=30169","title":{"rendered":"Magasin"},"content":{"rendered":"\n\n  <div class=\"banner has-hover\" id=\"banner-436868078\">\n          <div class=\"banner-inner fill\">\n        <div class=\"banner-bg fill\" >\n            <img loading=\"lazy\" decoding=\"async\" width=\"1536\" height=\"956\" src=\"https:\/\/hoffa.ch\/wp-content\/uploads\/2023\/10\/Capture-decran-2023-10-29-a-18.49.00-1536x956.png\" class=\"bg attachment-1536x1536 size-1536x1536\" alt=\"\" \/>                        <div class=\"overlay\"><\/div>            \n                    <\/div>\n\t\t\n        <div class=\"banner-layers container\">\n            <div class=\"fill banner-link\"><\/div>            \n\n   <div id=\"text-box-1383616242\" class=\"text-box banner-layer x15 md-x15 lg-x15 y70 md-y70 lg-y70 res-text\">\n                                <div class=\"text-box-content text dark\">\n              \n              <div class=\"text-inner text-center\">\n                  \n\n<div class=\"video-button-wrapper\" style=\"font-size:113%\"><a href=\"https:\/\/www.youtube.com\/watch?v=TUtcPVTDIlg\" class=\"button open-video icon circle is-outline is-xlarge\" role=\"button\" aria-label=\"Open video in lightbox\" data-flatsome-role-button><i class=\"icon-play\" aria-hidden=\"true\" style=\"font-size:1.5em;\"><\/i><\/a><\/div>\n\n<h3>\u00a0<\/h3>\n<h3 class=\"uppercase\" style=\"text-align: center;\"><strong>H-TRACKER<\/strong><\/h3>\n<h4>Envoyer sa position ne prend qu&rsquo;une seconde,\u00a0 avertir les secours aussi<\/h4>\n<p>\u00a0<\/p>\n\t<div id=\"gap-1586707298\" class=\"gap-element clearfix\" style=\"display:block; height:auto;\">\n\t\t\n<style>\n#gap-1586707298 {\n  padding-top: 7px;\n}\n<\/style>\n\t<\/div>\n\t\n\n<a href=\"https:\/\/hoffa.ch\/?product=h-tracker\" target=\"_blank\" class=\"button white is-outline is-large\" rel=\"noopener\" style=\"border-radius:99px;\">\n\t\t<span>shop<\/span>\n\t<\/a>\n\n\n\n              <\/div>\n           <\/div>\n                            \n<style>\n#text-box-1383616242 {\n  width: 51%;\n}\n#text-box-1383616242 .text-box-content {\n  font-size: 100%;\n}\n@media (min-width:550px) {\n  #text-box-1383616242 {\n    width: 51%;\n  }\n}\n<\/style>\n    <\/div>\n \n\n        <\/div>\n      <\/div>\n\n              <div class=\"height-fix is-invisible\"><img loading=\"lazy\" decoding=\"async\" width=\"1536\" height=\"956\" src=\"https:\/\/hoffa.ch\/wp-content\/uploads\/2023\/10\/Capture-decran-2023-10-29-a-18.49.00-1536x956.png\" class=\"attachment-1536x1536 size-1536x1536\" alt=\"\" srcset=\"https:\/\/hoffa.ch\/wp-content\/uploads\/2023\/10\/Capture-decran-2023-10-29-a-18.49.00-1536x956.png 1536w, https:\/\/hoffa.ch\/wp-content\/uploads\/2023\/10\/Capture-decran-2023-10-29-a-18.49.00-510x318.png 510w, https:\/\/hoffa.ch\/wp-content\/uploads\/2023\/10\/Capture-decran-2023-10-29-a-18.49.00-642x400.png 642w, https:\/\/hoffa.ch\/wp-content\/uploads\/2023\/10\/Capture-decran-2023-10-29-a-18.49.00-1285x800.png 1285w, https:\/\/hoffa.ch\/wp-content\/uploads\/2023\/10\/Capture-decran-2023-10-29-a-18.49.00-768x478.png 768w, https:\/\/hoffa.ch\/wp-content\/uploads\/2023\/10\/Capture-decran-2023-10-29-a-18.49.00-96x60.png 96w, https:\/\/hoffa.ch\/wp-content\/uploads\/2023\/10\/Capture-decran-2023-10-29-a-18.49.00-145x90.png 145w, https:\/\/hoffa.ch\/wp-content\/uploads\/2023\/10\/Capture-decran-2023-10-29-a-18.49.00.png 1924w\" sizes=\"(max-width: 1536px) 100vw, 1536px\" \/><\/div>\n            \n<style>\n#banner-436868078 .overlay {\n  background-color: rgba(0, 0, 0, 0.5);\n}\n@media (min-width:550px) {\n  #banner-436868078 .overlay {\n    background-color: rgba(0,0,0,.5);\n  }\n}\n<\/style>\n  <\/div>\n\n\n\n  <div class=\"banner has-hover\" id=\"banner-485874396\">\n          <div class=\"banner-inner fill\">\n        <div class=\"banner-bg fill\" >\n            <img loading=\"lazy\" decoding=\"async\" width=\"607\" height=\"457\" src=\"https:\/\/hoffa.ch\/wp-content\/uploads\/2020\/03\/h4proV2-1.jpg\" class=\"bg attachment-original size-original\" alt=\"\" \/>                                    \n                    <\/div>\n\t\t\n        <div class=\"banner-layers container\">\n            <div class=\"fill banner-link\"><\/div>            \n\n   <div id=\"text-box-993892048\" class=\"text-box banner-layer x15 md-x15 lg-x15 y70 md-y70 lg-y70 res-text\">\n                                <div class=\"text-box-content text dark\">\n              \n              <div class=\"text-inner text-center\">\n                  \n\n<div class=\"video-button-wrapper\" style=\"font-size:113%\"><a href=\"https:\/\/www.youtube.com\/watch?v=DY_j4UfWn5g\" class=\"button open-video icon circle is-outline is-xlarge\" role=\"button\" aria-label=\"Open video in lightbox\" data-flatsome-role-button><i class=\"icon-play\" aria-hidden=\"true\" style=\"font-size:1.5em;\"><\/i><\/a><\/div>\n\n<h3>&nbsp;<\/h3>\n<h3 class=\"uppercase\" style=\"text-align: center;\"><strong>h4pro <\/strong><\/h3>\n<h4 style=\"text-align: center;\">Le sac de s\u00e9curit\u00e9 taill\u00e9 pour l&rsquo;aventure<\/h4>\n<p style=\"text-align: center;\">&nbsp;<\/p>\n\t<div id=\"gap-7896689\" class=\"gap-element clearfix\" style=\"display:block; height:auto;\">\n\t\t\n<style>\n#gap-7896689 {\n  padding-top: 7px;\n}\n<\/style>\n\t<\/div>\n\t\n\n<a href=\"https:\/\/hoffa.ch\/?post_type=product\" target=\"_blank\" class=\"button white is-outline is-large\" rel=\"noopener\" style=\"border-radius:99px;\">\n\t\t<span>shop<\/span>\n\t<\/a>\n\n\n\n              <\/div>\n           <\/div>\n                            \n<style>\n#text-box-993892048 {\n  width: 47%;\n}\n#text-box-993892048 .text-box-content {\n  font-size: 100%;\n}\n@media (min-width:550px) {\n  #text-box-993892048 {\n    width: 51%;\n  }\n}\n<\/style>\n    <\/div>\n \n\n        <\/div>\n      <\/div>\n\n            \n<style>\n#banner-485874396 {\n  padding-top: 56.25%;\n}\n#banner-485874396 .banner-bg img {\n  object-position: 61% 38%;\n}\n<\/style>\n  <\/div>\n\n\n\n  <div class=\"banner has-hover\" id=\"banner-1975549997\">\n          <div class=\"banner-inner fill\">\n        <div class=\"banner-bg fill\" >\n            <img loading=\"lazy\" decoding=\"async\" width=\"1020\" height=\"765\" src=\"https:\/\/hoffa.ch\/wp-content\/uploads\/2020\/02\/IMG_3542-2-scaled.jpg\" class=\"bg attachment-large size-large\" alt=\"\" \/>                        <div class=\"overlay\"><\/div>            \n                    <\/div>\n\t\t\n        <div class=\"banner-layers container\">\n            <div class=\"fill banner-link\"><\/div>            \n\n   <div id=\"text-box-647916678\" class=\"text-box banner-layer x15 md-x15 lg-x15 y70 md-y70 lg-y70 res-text\">\n                                <div class=\"text-box-content text dark\">\n              \n              <div class=\"text-inner text-center\">\n                  \n\n<div class=\"video-button-wrapper\" style=\"font-size:113%\"><a href=\"https:\/\/www.youtube.com\/watch?v=yOHDnyQyQKM\" class=\"button open-video icon circle is-outline is-xlarge\" role=\"button\" aria-label=\"Open video in lightbox\" data-flatsome-role-button><i class=\"icon-play\" aria-hidden=\"true\" style=\"font-size:1.5em;\"><\/i><\/a><\/div>\n\n<h3>&nbsp;<\/h3>\n<h3 class=\"uppercase\" style=\"text-align: center;\"><strong>Baywatch <\/strong><\/h3>\n<h3 class=\"uppercase\" style=\"text-align: center;\"><strong>28 litres &amp; 1 litre<br \/><\/strong><\/h3>\n<h4>Mettez toutes vos affaires \u00e0 l&rsquo;int\u00e9rieur et baignez-vous avec<\/h4>\n<p>&nbsp;<\/p>\n\t<div id=\"gap-1967928703\" class=\"gap-element clearfix\" style=\"display:block; height:auto;\">\n\t\t\n<style>\n#gap-1967928703 {\n  padding-top: 7px;\n}\n<\/style>\n\t<\/div>\n\t\n\n<a href=\"https:\/\/hoffa.ch\/?post_type=product\" target=\"_blank\" class=\"button white is-outline is-large\" rel=\"noopener\" style=\"border-radius:99px;\">\n\t\t<span>shop<\/span>\n\t<\/a>\n\n\n\n              <\/div>\n           <\/div>\n                            \n<style>\n#text-box-647916678 {\n  width: 51%;\n}\n#text-box-647916678 .text-box-content {\n  font-size: 100%;\n}\n@media (min-width:550px) {\n  #text-box-647916678 {\n    width: 51%;\n  }\n}\n<\/style>\n    <\/div>\n \n\n        <\/div>\n      <\/div>\n\n              <div class=\"height-fix is-invisible\"><img loading=\"lazy\" decoding=\"async\" width=\"1020\" height=\"765\" src=\"https:\/\/hoffa.ch\/wp-content\/uploads\/2020\/02\/IMG_3542-2-scaled.jpg\" class=\"attachment-large size-large\" alt=\"\" \/><\/div>\n            \n<style>\n#banner-1975549997 .overlay {\n  background-color: rgba(0, 0, 0, 0.5);\n}\n@media (min-width:550px) {\n  #banner-1975549997 .overlay {\n    background-color: rgba(0,0,0,.5);\n  }\n}\n<\/style>\n  <\/div>\n\n\n\n  <div class=\"banner has-hover\" id=\"banner-505828049\">\n          <div class=\"banner-inner fill\">\n        <div class=\"banner-bg fill\" >\n            <img loading=\"lazy\" decoding=\"async\" width=\"836\" height=\"505\" src=\"https:\/\/hoffa.ch\/wp-content\/uploads\/2020\/02\/detroit1935.jpg\" class=\"bg attachment-large size-large\" alt=\"\" \/>                        <div class=\"overlay\"><\/div>            \n                    <\/div>\n\t\t\n        <div class=\"banner-layers container\">\n            <div class=\"fill banner-link\"><\/div>            \n\n   <div id=\"text-box-176937403\" class=\"text-box banner-layer x15 md-x15 lg-x15 y70 md-y70 lg-y70 res-text\">\n                                <div class=\"text-box-content text dark\">\n              \n              <div class=\"text-inner text-center\">\n                  \n\n<div class=\"video-button-wrapper\" style=\"font-size:106%\"><a href=\"https:\/\/www.youtube.com\/watch?v=oLbdoWUhvwU\" class=\"button open-video icon circle is-outline is-xlarge\" role=\"button\" aria-label=\"Open video in lightbox\" data-flatsome-role-button><i class=\"icon-play\" aria-hidden=\"true\" style=\"font-size:1.5em;\"><\/i><\/a><\/div>\n\n<h3 class=\"uppercase\" style=\"text-align: center;\"><strong>sac detroit <\/strong><\/h3>\n<h3 class=\"uppercase\" style=\"text-align: center;\"><strong>1935 &amp; 1940<br \/><\/strong><\/h3>\n<h4 style=\"text-align: center;\">L&rsquo;id\u00e9al pour vos voyages<\/h4>\n<p>\u00a0<\/p>\n\t<div id=\"gap-382557422\" class=\"gap-element clearfix\" style=\"display:block; height:auto;\">\n\t\t\n<style>\n#gap-382557422 {\n  padding-top: 7px;\n}\n<\/style>\n\t<\/div>\n\t\n\n<a href=\"https:\/\/hoffa.ch\/?post_type=product\" target=\"_blank\" class=\"button white is-outline is-large\" rel=\"noopener\" style=\"border-radius:99px;\">\n\t\t<span>shop<\/span>\n\t<\/a>\n\n\n\n              <\/div>\n           <\/div>\n                            \n<style>\n#text-box-176937403 {\n  width: 50%;\n}\n#text-box-176937403 .text-box-content {\n  font-size: 100%;\n}\n@media (min-width:550px) {\n  #text-box-176937403 {\n    width: 51%;\n  }\n}\n<\/style>\n    <\/div>\n \n\n        <\/div>\n      <\/div>\n\n              <div class=\"height-fix is-invisible\"><img loading=\"lazy\" decoding=\"async\" width=\"836\" height=\"505\" src=\"https:\/\/hoffa.ch\/wp-content\/uploads\/2020\/02\/detroit1935.jpg\" class=\"attachment-large size-large\" alt=\"\" srcset=\"https:\/\/hoffa.ch\/wp-content\/uploads\/2020\/02\/detroit1935.jpg 836w, https:\/\/hoffa.ch\/wp-content\/uploads\/2020\/02\/detroit1935-510x308.jpg 510w, https:\/\/hoffa.ch\/wp-content\/uploads\/2020\/02\/detroit1935-662x400.jpg 662w, https:\/\/hoffa.ch\/wp-content\/uploads\/2020\/02\/detroit1935-768x464.jpg 768w\" sizes=\"(max-width: 836px) 100vw, 836px\" \/><\/div>\n            \n<style>\n#banner-505828049 .overlay {\n  background-color: rgba(0,0,0,.5);\n}\n<\/style>\n  <\/div>\n\n\n\n  <div class=\"banner has-hover\" id=\"banner-2093386660\">\n          <div class=\"banner-inner fill\">\n        <div class=\"banner-bg fill\" >\n            <img loading=\"lazy\" decoding=\"async\" width=\"314\" height=\"394\" src=\"https:\/\/hoffa.ch\/wp-content\/uploads\/2020\/02\/team007.jpg\" class=\"bg attachment-large size-large\" alt=\"\" \/>                        <div class=\"overlay\"><\/div>            \n                    <\/div>\n\t\t\n        <div class=\"banner-layers container\">\n            <div class=\"fill banner-link\"><\/div>            \n\n   <div id=\"text-box-685001571\" class=\"text-box banner-layer x15 md-x15 lg-x15 y70 md-y70 lg-y70 res-text\">\n                                <div class=\"text-box-content text dark\">\n              \n              <div class=\"text-inner text-center\">\n                  \n\n<div class=\"video-button-wrapper\" style=\"font-size:113%\"><a href=\"https:\/\/www.youtube.com\/watch?v=LVK-I52o6a8\" class=\"button open-video icon circle is-outline is-xlarge\" role=\"button\" aria-label=\"Open video in lightbox\" data-flatsome-role-button><i class=\"icon-play\" aria-hidden=\"true\" style=\"font-size:1.5em;\"><\/i><\/a><\/div>\n\n<h3 class=\"uppercase\"><strong>sac ventury &amp; teamster<br \/><\/strong><\/h3>\n<h4>Notre gamme de sacs cuir vintage<\/h4>\n\t<div id=\"gap-320103097\" class=\"gap-element clearfix\" style=\"display:block; height:auto;\">\n\t\t\n<style>\n#gap-320103097 {\n  padding-top: 7px;\n}\n<\/style>\n\t<\/div>\n\t\n\n<a href=\"https:\/\/hoffa.ch\/?post_type=product\" target=\"_blank\" class=\"button white is-outline is-large\" rel=\"noopener\" style=\"border-radius:99px;\">\n\t\t<span>shop<\/span>\n\t<\/a>\n\n\n\n              <\/div>\n           <\/div>\n                            \n<style>\n#text-box-685001571 {\n  width: 62%;\n}\n#text-box-685001571 .text-box-content {\n  font-size: 100%;\n}\n@media (min-width:550px) {\n  #text-box-685001571 {\n    width: 51%;\n  }\n}\n<\/style>\n    <\/div>\n \n\n        <\/div>\n      <\/div>\n\n              <div class=\"height-fix is-invisible\"><img loading=\"lazy\" decoding=\"async\" width=\"314\" height=\"394\" src=\"https:\/\/hoffa.ch\/wp-content\/uploads\/2020\/02\/team007.jpg\" class=\"attachment-large size-large\" alt=\"\" \/><\/div>\n            \n<style>\n#banner-2093386660 .overlay {\n  background-color: rgba(0,0,0,.5);\n}\n<\/style>\n  <\/div>\n\n\n\n\n\n<p><\/p>\n","protected":false},"excerpt":{"rendered":"<p>\u00a0 H-TRACKER Envoyer sa position ne prend qu&rsquo;une&#8230;<\/p>\n","protected":false},"author":1,"featured_media":28846,"parent":28905,"menu_order":1,"comment_status":"closed","ping_status":"closed","template":"","meta":{"_et_pb_use_builder":"on","_et_pb_old_content":"<!-- wp:flatsome\/uxbuilder -->\n[ux_banner bg=\"30577\" bg_size=\"1536x1536\" bg_overlay=\"rgba(0,0,0,.5)\" bg_overlay__sm=\"rgba(0, 0, 0, 0.5)\" video_sound=\"true\" video_visibility=\"visible\"]\n\n[text_box width=\"51\" width__sm=\"51\" position_x=\"15\" position_y=\"70\"]\n\n[video_button video=\"https:\/\/www.youtube.com\/watch?v=TUtcPVTDIlg\" size=\"113\"]\n\n<h3>\u00a0<\/h3>\n<h3 class=\"uppercase\" style=\"text-align: center;\"><strong>H-TRACKER<\/strong><\/h3>\n<h4>Envoyer sa position ne prend qu'une seconde,\u00a0 avertir les secours aussi<\/h4>\n<p>\u00a0<\/p>\n[gap height=\"7px\"]\n\n[button text=\"shop\" color=\"white\" style=\"outline\" size=\"large\" radius=\"99\" link=\"https:\/\/hoffa.ch\/?product=h-tracker\" target=\"_blank\"]\n\n\n[\/text_box]\n\n[\/ux_banner]\n[ux_banner height=\"56.25%\" bg=\"29693\" bg_size=\"original\" bg_pos=\"61% 38%\" video_sound=\"true\" video_visibility=\"visible\"]\n\n[text_box width=\"51\" width__sm=\"47\" position_x=\"15\" position_y=\"70\"]\n\n[video_button video=\"https:\/\/www.youtube.com\/watch?v=DY_j4UfWn5g\" size=\"113\"]\n\n<h3>&nbsp;<\/h3>\n<h3 class=\"uppercase\" style=\"text-align: center;\"><strong>h4pro <\/strong><\/h3>\n<h4 style=\"text-align: center;\">Le sac de s\u00e9curit\u00e9 taill\u00e9 pour l'aventure<\/h4>\n<p style=\"text-align: center;\">&nbsp;<\/p>\n[gap height=\"7px\"]\n\n[button text=\"shop\" color=\"white\" style=\"outline\" size=\"large\" radius=\"99\" link=\"https:\/\/hoffa.ch\/?post_type=product\" target=\"_blank\"]\n\n\n[\/text_box]\n\n[\/ux_banner]\n[ux_banner bg=\"29300\" bg_overlay=\"rgba(0,0,0,.5)\" bg_overlay__sm=\"rgba(0, 0, 0, 0.5)\" video_sound=\"true\" video_visibility=\"visible\"]\n\n[text_box width=\"51\" width__sm=\"51\" position_x=\"15\" position_y=\"70\"]\n\n[video_button video=\"https:\/\/www.youtube.com\/watch?v=yOHDnyQyQKM\" size=\"113\"]\n\n<h3>&nbsp;<\/h3>\n<h3 class=\"uppercase\" style=\"text-align: center;\"><strong>Baywatch <\/strong><\/h3>\n<h3 class=\"uppercase\" style=\"text-align: center;\"><strong>28 litres &amp; 1 litre<br \/><\/strong><\/h3>\n<h4>Mettez toutes vos affaires \u00e0 l'int\u00e9rieur et baignez-vous avec<\/h4>\n<p>&nbsp;<\/p>\n[gap height=\"7px\"]\n\n[button text=\"shop\" color=\"white\" style=\"outline\" size=\"large\" radius=\"99\" link=\"https:\/\/hoffa.ch\/?post_type=product\" target=\"_blank\"]\n\n\n[\/text_box]\n\n[\/ux_banner]\n[ux_banner bg=\"29379\" bg_overlay=\"rgba(0,0,0,.5)\" video_sound=\"true\" video_visibility=\"visible\"]\n\n[text_box width=\"51\" width__sm=\"50\" position_x=\"15\" position_y=\"70\"]\n\n[video_button video=\"https:\/\/www.youtube.com\/watch?v=oLbdoWUhvwU\" size=\"106\"]\n\n<h3 class=\"uppercase\" style=\"text-align: center;\"><strong>sac detroit <\/strong><\/h3>\n<h3 class=\"uppercase\" style=\"text-align: center;\"><strong>1935 &amp; 1940<br \/><\/strong><\/h3>\n<h4 style=\"text-align: center;\">L'id\u00e9al pour vos voyages<\/h4>\n<p>\u00a0<\/p>\n[gap height=\"7px\"]\n\n[button text=\"shop\" color=\"white\" style=\"outline\" size=\"large\" radius=\"99\" link=\"https:\/\/hoffa.ch\/?post_type=product\" target=\"_blank\"]\n\n\n[\/text_box]\n\n[\/ux_banner]\n[ux_banner bg=\"29400\" bg_overlay=\"rgba(0,0,0,.5)\" video_sound=\"true\" video_visibility=\"visible\"]\n\n[text_box width=\"51\" width__sm=\"62\" position_x=\"15\" position_y=\"70\"]\n\n[video_button video=\"https:\/\/www.youtube.com\/watch?v=LVK-I52o6a8\" size=\"113\"]\n\n<h3 class=\"uppercase\"><strong>sac ventury &amp; teamster<br \/><\/strong><\/h3>\n<h4>Notre gamme de sacs cuir vintage<\/h4>\n[gap height=\"7px\"]\n\n[button text=\"shop\" color=\"white\" style=\"outline\" size=\"large\" radius=\"99\" link=\"https:\/\/hoffa.ch\/?post_type=product\" target=\"_blank\"]\n\n\n[\/text_box]\n\n[\/ux_banner]\n\n<!-- \/wp:flatsome\/uxbuilder -->\n<!-- wp:paragraph -->\n<p><\/p>\n<!-- \/wp:paragraph -->","_et_gb_content_width":"","footnotes":""},"class_list":["post-30169","page","type-page","status-publish","has-post-thumbnail","hentry"],"_links":{"self":[{"href":"https:\/\/hoffa.ch\/index.php?rest_route=\/wp\/v2\/pages\/30169","targetHints":{"allow":["GET"]}}],"collection":[{"href":"https:\/\/hoffa.ch\/index.php?rest_route=\/wp\/v2\/pages"}],"about":[{"href":"https:\/\/hoffa.ch\/index.php?rest_route=\/wp\/v2\/types\/page"}],"author":[{"embeddable":true,"href":"https:\/\/hoffa.ch\/index.php?rest_route=\/wp\/v2\/users\/1"}],"replies":[{"embeddable":true,"href":"https:\/\/hoffa.ch\/index.php?rest_route=%2Fwp%2Fv2%2Fcomments&post=30169"}],"version-history":[{"count":24,"href":"https:\/\/hoffa.ch\/index.php?rest_route=\/wp\/v2\/pages\/30169\/revisions"}],"predecessor-version":[{"id":30679,"href":"https:\/\/hoffa.ch\/index.php?rest_route=\/wp\/v2\/pages\/30169\/revisions\/30679"}],"up":[{"embeddable":true,"href":"https:\/\/hoffa.ch\/index.php?rest_route=\/wp\/v2\/pages\/28905"}],"wp:featuredmedia":[{"embeddable":true,"href":"https:\/\/hoffa.ch\/index.php?rest_route=\/wp\/v2\/media\/28846"}],"wp:attachment":[{"href":"https:\/\/hoffa.ch\/index.php?rest_route=%2Fwp%2Fv2%2Fmedia&parent=30169"}],"curies":[{"name":"wp","href":"https:\/\/api.w.org\/{rel}","templated":true}]}}