{"id":29008,"date":"2013-08-10T10:26:25","date_gmt":"2013-08-10T10:26:25","guid":{"rendered":"http:\/\/uxthemes.wpengine.com\/?post_type=product&#038;p=432"},"modified":"2024-07-02T16:16:59","modified_gmt":"2024-07-02T14:16:59","slug":"machus-red-fox-noir","status":"publish","type":"product","link":"https:\/\/hoffa.ch\/?product=machus-red-fox-noir","title":{"rendered":"MACHUS RED FOX NOIR"},"content":{"rendered":"<h4 style=\"text-align: center;\">Capacit\u00e9 de 46 litres<\/h4>\n<h4 style=\"text-align: center;\">Longueur 85cm \u2013 largeur 30cm \u2013\u00a0 hauteur 55cm<\/h4>\n<h4 style=\"text-align: center;\">1, 2 kg tr\u00e8s r\u00e9sistant en pvc avec une sangle qui permet le maintien et la s\u00e9curit\u00e9 des effets<\/h4>\n","protected":false},"excerpt":{"rendered":"<h4>Existe en 2 couleurs \u2013 Noir et Rouge<\/h4>\n<h4>Capacit\u00e9 de 46 litres<\/h4>\n<h4>Longueur 85cm \u2013 largeur 30cm \u2013\u00a0 hauteur 55cm<\/h4>\n","protected":false},"featured_media":29245,"template":"","meta":{"_et_pb_use_builder":"","_et_pb_old_content":"","_et_gb_content_width":""},"product_brand":[],"product_cat":[72],"product_tag":[80,81,75],"class_list":{"0":"post-29008","1":"product","2":"type-product","3":"status-publish","4":"has-post-thumbnail","6":"product_cat-sac-hoffa","7":"product_tag-sac-de-voyage","8":"product_tag-sac-etanche","9":"product_tag-sac-hoffa","11":"first","12":"instock","13":"taxable","14":"shipping-taxable","15":"purchasable","16":"product-type-simple"},"_links":{"self":[{"href":"https:\/\/hoffa.ch\/index.php?rest_route=\/wp\/v2\/product\/29008","targetHints":{"allow":["GET"]}}],"collection":[{"href":"https:\/\/hoffa.ch\/index.php?rest_route=\/wp\/v2\/product"}],"about":[{"href":"https:\/\/hoffa.ch\/index.php?rest_route=\/wp\/v2\/types\/product"}],"wp:featuredmedia":[{"embeddable":true,"href":"https:\/\/hoffa.ch\/index.php?rest_route=\/wp\/v2\/media\/29245"}],"wp:attachment":[{"href":"https:\/\/hoffa.ch\/index.php?rest_route=%2Fwp%2Fv2%2Fmedia&parent=29008"}],"wp:term":[{"taxonomy":"product_brand","embeddable":true,"href":"https:\/\/hoffa.ch\/index.php?rest_route=%2Fwp%2Fv2%2Fproduct_brand&post=29008"},{"taxonomy":"product_cat","embeddable":true,"href":"https:\/\/hoffa.ch\/index.php?rest_route=%2Fwp%2Fv2%2Fproduct_cat&post=29008"},{"taxonomy":"product_tag","embeddable":true,"href":"https:\/\/hoffa.ch\/index.php?rest_route=%2Fwp%2Fv2%2Fproduct_tag&post=29008"}],"curies":[{"name":"wp","href":"https:\/\/api.w.org\/{rel}","templated":true}]}}